{"id":541,"date":"2018-11-27T09:17:08","date_gmt":"2018-11-27T09:17:08","guid":{"rendered":"https:\/\/cesinhasolucoes.com.br\/loja\/about\/"},"modified":"2023-02-13T09:50:13","modified_gmt":"2023-02-13T12:50:13","slug":"empresa","status":"publish","type":"page","link":"https:\/\/cesinhasolucoes.com.br\/loja\/empresa\/","title":{"rendered":"Empresa"},"content":{"rendered":"\t\t<div data-elementor-type=\"wp-post\" data-elementor-id=\"541\" class=\"elementor elementor-541\">\n\t\t\t\t\t\t<section class=\"elementor-section elementor-top-section elementor-element elementor-element-d7d8b56 elementor-section-content-middle elementor-section-boxed elementor-section-height-default elementor-section-height-default\" data-id=\"d7d8b56\" data-element_type=\"section\" data-e-type=\"section\" data-settings=\"{&quot;background_background&quot;:&quot;classic&quot;}\">\n\t\t\t\t\t\t\t<div class=\"elementor-background-overlay\"><\/div>\n\t\t\t\t\t\t\t<div class=\"elementor-container elementor-column-gap-no\">\n\t\t\t\t\t<div class=\"elementor-column elementor-col-100 elementor-top-column elementor-element elementor-element-fd69444\" data-id=\"fd69444\" data-element_type=\"column\" data-e-type=\"column\">\n\t\t\t<div class=\"elementor-widget-wrap elementor-element-populated\">\n\t\t\t\t\t\t<div class=\"elementor-element elementor-element-abcc2f2 elementor-widget elementor-widget-heading\" data-id=\"abcc2f2\" data-element_type=\"widget\" data-e-type=\"widget\" data-widget_type=\"heading.default\">\n\t\t\t\t<div class=\"elementor-widget-container\">\n\t\t\t\t\t<h1 class=\"elementor-heading-title elementor-size-default\">Sobre a Gente<\/h1>\t\t\t\t<\/div>\n\t\t\t\t<\/div>\n\t\t\t\t\t<\/div>\n\t\t<\/div>\n\t\t\t\t\t<\/div>\n\t\t<\/section>\n\t\t\t\t<section class=\"elementor-section elementor-top-section elementor-element elementor-element-5c40d7b elementor-section-boxed elementor-section-height-default elementor-section-height-default\" data-id=\"5c40d7b\" data-element_type=\"section\" data-e-type=\"section\">\n\t\t\t\t\t\t<div class=\"elementor-container elementor-column-gap-default\">\n\t\t\t\t\t<div class=\"elementor-column elementor-col-100 elementor-top-column elementor-element elementor-element-2ebbf9c\" data-id=\"2ebbf9c\" data-element_type=\"column\" data-e-type=\"column\">\n\t\t\t<div class=\"elementor-widget-wrap elementor-element-populated\">\n\t\t\t\t\t\t<div class=\"elementor-element elementor-element-fe195c7 elementor-widget elementor-widget-heading\" data-id=\"fe195c7\" data-element_type=\"widget\" data-e-type=\"widget\" data-widget_type=\"heading.default\">\n\t\t\t\t<div class=\"elementor-widget-container\">\n\t\t\t\t\t<h2 class=\"elementor-heading-title elementor-size-default\">Nosso Maior Porque!<\/h2>\t\t\t\t<\/div>\n\t\t\t\t<\/div>\n\t\t\t\t<div class=\"elementor-element elementor-element-dc051dd elementor-widget-divider--view-line elementor-widget elementor-widget-divider\" data-id=\"dc051dd\" data-element_type=\"widget\" data-e-type=\"widget\" data-widget_type=\"divider.default\">\n\t\t\t\t<div class=\"elementor-widget-container\">\n\t\t\t\t\t\t\t<div class=\"elementor-divider\">\n\t\t\t<span class=\"elementor-divider-separator\">\n\t\t\t\t\t\t<\/span>\n\t\t<\/div>\n\t\t\t\t\t\t<\/div>\n\t\t\t\t<\/div>\n\t\t\t\t<div class=\"elementor-element elementor-element-e5f497e elementor-widget elementor-widget-text-editor\" data-id=\"e5f497e\" data-element_type=\"widget\" data-e-type=\"widget\" data-widget_type=\"text-editor.default\">\n\t\t\t\t<div class=\"elementor-widget-container\">\n\t\t\t\t\t\t\t\t\t<p class=\"western\"><span style=\"font-family: Calibri, serif;\">Sempre trabalhei com carros porque \u00e9 o que eu gosto de fazer eu fa\u00e7o com prazer me faz sentir bem.<\/span><\/p><p class=\"western\"><span style=\"font-family: Calibri, serif;\">Comecei instalando som e fui aperfei\u00e7oando o que aprendia no dia a dia, e chegou um determinado momento que decidi abrir a minha loja, como todos sonham em ter seu pr\u00f3prio negocio eu fui l\u00e1 e larguei o emprego fixo e decidi trabalhar pra mim.<\/span><\/p><p class=\"western\"><span style=\"font-family: Calibri, serif;\">No come\u00e7o n\u00e3o foi f\u00e1cil, alguns altos e baixos no meio do caminho, mas consegui e estou muito feliz e realizado, claro que sempre buscando ser melhor a cada dia que passa.<\/span><\/p><p class=\"western\"><span style=\"font-family: Calibri, serif;\">Acredito que a minha determina\u00e7\u00e3o, foco e amor no que fa\u00e7o s\u00e3o o que faz existir a loja.<\/span><\/p>\t\t\t\t\t\t\t\t<\/div>\n\t\t\t\t<\/div>\n\t\t\t\t<div class=\"elementor-element elementor-element-1f4305e elementor-widget elementor-widget-text-editor\" data-id=\"1f4305e\" data-element_type=\"widget\" data-e-type=\"widget\" data-widget_type=\"text-editor.default\">\n\t\t\t\t<div class=\"elementor-widget-container\">\n\t\t\t\t\t\t\t\t\t<p class=\"p1\"><strong>Cesar da Silva<\/strong><br \/>Propriet\u00e1rio<\/p>\t\t\t\t\t\t\t\t<\/div>\n\t\t\t\t<\/div>\n\t\t\t\t\t<\/div>\n\t\t<\/div>\n\t\t\t\t\t<\/div>\n\t\t<\/section>\n\t\t\t\t<section class=\"elementor-section elementor-top-section elementor-element elementor-element-684ebd7b elementor-section-height-min-height elementor-section-boxed elementor-section-height-default elementor-section-items-middle\" data-id=\"684ebd7b\" data-element_type=\"section\" data-e-type=\"section\" data-settings=\"{&quot;background_background&quot;:&quot;gradient&quot;,&quot;shape_divider_top&quot;:&quot;mountains&quot;}\">\n\t\t\t\t\t<div class=\"elementor-shape elementor-shape-top\" aria-hidden=\"true\" data-negative=\"false\">\n\t\t\t<svg xmlns=\"http:\/\/www.w3.org\/2000\/svg\" viewBox=\"0 0 1000 100\" preserveAspectRatio=\"none\">\n\t<path class=\"elementor-shape-fill\" opacity=\"0.33\" d=\"M473,67.3c-203.9,88.3-263.1-34-320.3,0C66,119.1,0,59.7,0,59.7V0h1000v59.7 c0,0-62.1,26.1-94.9,29.3c-32.8,3.3-62.8-12.3-75.8-22.1C806,49.6,745.3,8.7,694.9,4.7S492.4,59,473,67.3z\"\/>\n\t<path class=\"elementor-shape-fill\" opacity=\"0.66\" d=\"M734,67.3c-45.5,0-77.2-23.2-129.1-39.1c-28.6-8.7-150.3-10.1-254,39.1 s-91.7-34.4-149.2,0C115.7,118.3,0,39.8,0,39.8V0h1000v36.5c0,0-28.2-18.5-92.1-18.5C810.2,18.1,775.7,67.3,734,67.3z\"\/>\n\t<path class=\"elementor-shape-fill\" d=\"M766.1,28.9c-200-57.5-266,65.5-395.1,19.5C242,1.8,242,5.4,184.8,20.6C128,35.8,132.3,44.9,89.9,52.5C28.6,63.7,0,0,0,0 h1000c0,0-9.9,40.9-83.6,48.1S829.6,47,766.1,28.9z\"\/>\n<\/svg>\t\t<\/div>\n\t\t\t\t\t<div class=\"elementor-container elementor-column-gap-no\">\n\t\t\t\t\t<div class=\"elementor-column elementor-col-100 elementor-top-column elementor-element elementor-element-5552ad5b\" data-id=\"5552ad5b\" data-element_type=\"column\" data-e-type=\"column\">\n\t\t\t<div class=\"elementor-widget-wrap\">\n\t\t\t\t\t\t\t<\/div>\n\t\t<\/div>\n\t\t\t\t\t<\/div>\n\t\t<\/section>\n\t\t\t\t<\/div>\n\t\t","protected":false},"excerpt":{"rendered":"<p>Sobre a Gente Nosso Maior Porque! Sempre trabalhei com carros porque \u00e9 o que eu gosto de fazer eu fa\u00e7o com prazer me faz sentir bem. Comecei instalando som e fui aperfei\u00e7oando o que aprendia no dia a dia, e chegou um determinado momento que decidi abrir a minha loja, como todos sonham em ter [&hellip;]<\/p>\n","protected":false},"author":1,"featured_media":0,"parent":0,"menu_order":0,"comment_status":"closed","ping_status":"closed","template":"elementor_header_footer","meta":{"site-sidebar-layout":"no-sidebar","site-content-layout":"page-builder","ast-site-content-layout":"default","site-content-style":"default","site-sidebar-style":"default","ast-global-header-display":"","ast-banner-title-visibility":"","ast-main-header-display":"","ast-hfb-above-header-display":"","ast-hfb-below-header-display":"","ast-hfb-mobile-header-display":"","site-post-title":"disabled","ast-breadcrumbs-content":"","ast-featured-img":"disabled","footer-sml-layout":"","ast-disable-related-posts":"","theme-transparent-header-meta":"enabled","adv-header-id-meta":"","stick-header-meta":"","header-above-stick-meta":"","header-main-stick-meta":"","header-below-stick-meta":"","astra-migrate-meta-layouts":"default","ast-page-background-enabled":"default","ast-page-background-meta":{"desktop":{"background-color":"","background-image":"","background-repeat":"repeat","background-position":"center center","background-size":"auto","background-attachment":"scroll","background-type":"","background-media":"","overlay-type":"","overlay-color":"","overlay-opacity":"","overlay-gradient":""},"tablet":{"background-color":"","background-image":"","background-repeat":"repeat","background-position":"center center","background-size":"auto","background-attachment":"scroll","background-type":"","background-media":"","overlay-type":"","overlay-color":"","overlay-opacity":"","overlay-gradient":""},"mobile":{"background-color":"","background-image":"","background-repeat":"repeat","background-position":"center center","background-size":"auto","background-attachment":"scroll","background-type":"","background-media":"","overlay-type":"","overlay-color":"","overlay-opacity":"","overlay-gradient":""}},"ast-content-background-meta":{"desktop":{"background-color":"var(--ast-global-color-5)","background-image":"","background-repeat":"repeat","background-position":"center center","background-size":"auto","background-attachment":"scroll","background-type":"","background-media":"","overlay-type":"","overlay-color":"","overlay-opacity":"","overlay-gradient":""},"tablet":{"background-color":"var(--ast-global-color-5)","background-image":"","background-repeat":"repeat","background-position":"center center","background-size":"auto","background-attachment":"scroll","background-type":"","background-media":"","overlay-type":"","overlay-color":"","overlay-opacity":"","overlay-gradient":""},"mobile":{"background-color":"var(--ast-global-color-5)","background-image":"","background-repeat":"repeat","background-position":"center center","background-size":"auto","background-attachment":"scroll","background-type":"","background-media":"","overlay-type":"","overlay-color":"","overlay-opacity":"","overlay-gradient":""}},"_joinchat":[],"footnotes":""},"class_list":["post-541","page","type-page","status-publish","hentry"],"yoast_head":"<!-- This site is optimized with the Yoast SEO plugin v27.5 - https:\/\/yoast.com\/product\/yoast-seo-wordpress\/ -->\n<title>Sobre a Gente - Cesinha Solu\u00e7\u00f5es<\/title>\n<meta name=\"description\" content=\"Cesinha Solu\u00e7\u00f5es \u00e9 especializada na Venda de Acess\u00f3rios, Consertos de Vidros El\u00e9tricos, Airbag, ABS, Diagnostico Eletr\u00f4nico, Sensor de Estacionamento Original, Barulho Interno de Ve\u00edculos e El\u00e9trica em Florian\u00f3polis, S\u00e3o Jose, Palho\u00e7a e Bigua\u00e7u.\" \/>\n<meta name=\"robots\" content=\"index, follow, max-snippet:-1, max-image-preview:large, max-video-preview:-1\" \/>\n<link rel=\"canonical\" href=\"https:\/\/cesinhasolucoes.com.br\/loja\/empresa\/\" \/>\n<meta property=\"og:locale\" content=\"pt_BR\" \/>\n<meta property=\"og:type\" content=\"article\" \/>\n<meta property=\"og:title\" content=\"Cesinha Solu\u00e7\u00f5es\" \/>\n<meta property=\"og:description\" content=\"Cesinha Solu\u00e7\u00f5es \u00e9 especializada na Venda de Acess\u00f3rios, Consertos de Vidros El\u00e9tricos, Airbag, ABS, Diagnostico Eletr\u00f4nico, Sensor de Estacionamento Original, Barulho Interno de Ve\u00edculos e El\u00e9trica em Florian\u00f3polis, S\u00e3o Jose, Palho\u00e7a e Bigua\u00e7u.\" \/>\n<meta property=\"og:url\" content=\"https:\/\/cesinhasolucoes.com.br\/loja\/empresa\/\" \/>\n<meta property=\"og:site_name\" content=\"Cesinha Solu\u00e7\u00f5es\" \/>\n<meta property=\"article:modified_time\" content=\"2023-02-13T12:50:13+00:00\" \/>\n<meta property=\"og:image\" content=\"https:\/\/cesinhasolucoes.com.br\/loja\/wp-content\/uploads\/2021\/07\/cropped-Identidade-Visual-Oficial-Cesinha-Soluc\u0327o\u0303es.png\" \/>\n\t<meta property=\"og:image:width\" content=\"595\" \/>\n\t<meta property=\"og:image:height\" content=\"288\" \/>\n\t<meta property=\"og:image:type\" content=\"image\/png\" \/>\n<meta name=\"twitter:card\" content=\"summary_large_image\" \/>\n<script type=\"application\/ld+json\" class=\"yoast-schema-graph\">{\"@context\":\"https:\\\/\\\/schema.org\",\"@graph\":[{\"@type\":\"WebPage\",\"@id\":\"https:\\\/\\\/cesinhasolucoes.com.br\\\/loja\\\/empresa\\\/\",\"url\":\"https:\\\/\\\/cesinhasolucoes.com.br\\\/loja\\\/empresa\\\/\",\"name\":\"Sobre a Gente - Cesinha Solu\u00e7\u00f5es\",\"isPartOf\":{\"@id\":\"https:\\\/\\\/cesinhasolucoes.com.br\\\/loja\\\/#website\"},\"datePublished\":\"2018-11-27T09:17:08+00:00\",\"dateModified\":\"2023-02-13T12:50:13+00:00\",\"description\":\"Cesinha Solu\u00e7\u00f5es \u00e9 especializada na Venda de Acess\u00f3rios, Consertos de Vidros El\u00e9tricos, Airbag, ABS, Diagnostico Eletr\u00f4nico, Sensor de Estacionamento Original, Barulho Interno de Ve\u00edculos e El\u00e9trica em Florian\u00f3polis, S\u00e3o Jose, Palho\u00e7a e Bigua\u00e7u.\",\"breadcrumb\":{\"@id\":\"https:\\\/\\\/cesinhasolucoes.com.br\\\/loja\\\/empresa\\\/#breadcrumb\"},\"inLanguage\":\"pt-BR\",\"potentialAction\":[{\"@type\":\"ReadAction\",\"target\":[\"https:\\\/\\\/cesinhasolucoes.com.br\\\/loja\\\/empresa\\\/\"]}]},{\"@type\":\"BreadcrumbList\",\"@id\":\"https:\\\/\\\/cesinhasolucoes.com.br\\\/loja\\\/empresa\\\/#breadcrumb\",\"itemListElement\":[{\"@type\":\"ListItem\",\"position\":1,\"name\":\"In\u00edcio\",\"item\":\"https:\\\/\\\/cesinhasolucoes.com.br\\\/loja\\\/\"},{\"@type\":\"ListItem\",\"position\":2,\"name\":\"Empresa\"}]},{\"@type\":\"WebSite\",\"@id\":\"https:\\\/\\\/cesinhasolucoes.com.br\\\/loja\\\/#website\",\"url\":\"https:\\\/\\\/cesinhasolucoes.com.br\\\/loja\\\/\",\"name\":\"Cesinha Solu\u00e7\u00f5es\",\"description\":\"Cesinha Solu\u00e7\u00f5es \u00e9 especializada na Venda de Acess\u00f3rios, Consertos de Vidros El\u00e9tricos, Airbag, ABS, Diagnostico Eletr\u00f4nico, Sensor de Estacionamento Original, Barulho Interno de Ve\u00edculos e El\u00e9trica\",\"publisher\":{\"@id\":\"https:\\\/\\\/cesinhasolucoes.com.br\\\/loja\\\/#organization\"},\"potentialAction\":[{\"@type\":\"SearchAction\",\"target\":{\"@type\":\"EntryPoint\",\"urlTemplate\":\"https:\\\/\\\/cesinhasolucoes.com.br\\\/loja\\\/?s={search_term_string}\"},\"query-input\":{\"@type\":\"PropertyValueSpecification\",\"valueRequired\":true,\"valueName\":\"search_term_string\"}}],\"inLanguage\":\"pt-BR\"},{\"@type\":\"Organization\",\"@id\":\"https:\\\/\\\/cesinhasolucoes.com.br\\\/loja\\\/#organization\",\"name\":\"Cesinha Solu\u00e7\u00f5es\",\"url\":\"https:\\\/\\\/cesinhasolucoes.com.br\\\/loja\\\/\",\"logo\":{\"@type\":\"ImageObject\",\"inLanguage\":\"pt-BR\",\"@id\":\"https:\\\/\\\/cesinhasolucoes.com.br\\\/loja\\\/#\\\/schema\\\/logo\\\/image\\\/\",\"url\":\"https:\\\/\\\/cesinhasolucoes.com.br\\\/loja\\\/wp-content\\\/uploads\\\/2021\\\/07\\\/Identidade-Visual-Oficial-Cesinha-Soluc\u0327o\u0303es-1.png\",\"contentUrl\":\"https:\\\/\\\/cesinhasolucoes.com.br\\\/loja\\\/wp-content\\\/uploads\\\/2021\\\/07\\\/Identidade-Visual-Oficial-Cesinha-Soluc\u0327o\u0303es-1.png\",\"width\":595,\"height\":317,\"caption\":\"Cesinha Solu\u00e7\u00f5es\"},\"image\":{\"@id\":\"https:\\\/\\\/cesinhasolucoes.com.br\\\/loja\\\/#\\\/schema\\\/logo\\\/image\\\/\"}}]}<\/script>\n<!-- \/ Yoast SEO plugin. -->","yoast_head_json":{"title":"Sobre a Gente - Cesinha Solu\u00e7\u00f5es","description":"Cesinha Solu\u00e7\u00f5es \u00e9 especializada na Venda de Acess\u00f3rios, Consertos de Vidros El\u00e9tricos, Airbag, ABS, Diagnostico Eletr\u00f4nico, Sensor de Estacionamento Original, Barulho Interno de Ve\u00edculos e El\u00e9trica em Florian\u00f3polis, S\u00e3o Jose, Palho\u00e7a e Bigua\u00e7u.","robots":{"index":"index","follow":"follow","max-snippet":"max-snippet:-1","max-image-preview":"max-image-preview:large","max-video-preview":"max-video-preview:-1"},"canonical":"https:\/\/cesinhasolucoes.com.br\/loja\/empresa\/","og_locale":"pt_BR","og_type":"article","og_title":"Cesinha Solu\u00e7\u00f5es","og_description":"Cesinha Solu\u00e7\u00f5es \u00e9 especializada na Venda de Acess\u00f3rios, Consertos de Vidros El\u00e9tricos, Airbag, ABS, Diagnostico Eletr\u00f4nico, Sensor de Estacionamento Original, Barulho Interno de Ve\u00edculos e El\u00e9trica em Florian\u00f3polis, S\u00e3o Jose, Palho\u00e7a e Bigua\u00e7u.","og_url":"https:\/\/cesinhasolucoes.com.br\/loja\/empresa\/","og_site_name":"Cesinha Solu\u00e7\u00f5es","article_modified_time":"2023-02-13T12:50:13+00:00","og_image":[{"width":595,"height":288,"url":"https:\/\/cesinhasolucoes.com.br\/loja\/wp-content\/uploads\/2021\/07\/cropped-Identidade-Visual-Oficial-Cesinha-Soluc\u0327o\u0303es.png","type":"image\/png"}],"twitter_card":"summary_large_image","schema":{"@context":"https:\/\/schema.org","@graph":[{"@type":"WebPage","@id":"https:\/\/cesinhasolucoes.com.br\/loja\/empresa\/","url":"https:\/\/cesinhasolucoes.com.br\/loja\/empresa\/","name":"Sobre a Gente - Cesinha Solu\u00e7\u00f5es","isPartOf":{"@id":"https:\/\/cesinhasolucoes.com.br\/loja\/#website"},"datePublished":"2018-11-27T09:17:08+00:00","dateModified":"2023-02-13T12:50:13+00:00","description":"Cesinha Solu\u00e7\u00f5es \u00e9 especializada na Venda de Acess\u00f3rios, Consertos de Vidros El\u00e9tricos, Airbag, ABS, Diagnostico Eletr\u00f4nico, Sensor de Estacionamento Original, Barulho Interno de Ve\u00edculos e El\u00e9trica em Florian\u00f3polis, S\u00e3o Jose, Palho\u00e7a e Bigua\u00e7u.","breadcrumb":{"@id":"https:\/\/cesinhasolucoes.com.br\/loja\/empresa\/#breadcrumb"},"inLanguage":"pt-BR","potentialAction":[{"@type":"ReadAction","target":["https:\/\/cesinhasolucoes.com.br\/loja\/empresa\/"]}]},{"@type":"BreadcrumbList","@id":"https:\/\/cesinhasolucoes.com.br\/loja\/empresa\/#breadcrumb","itemListElement":[{"@type":"ListItem","position":1,"name":"In\u00edcio","item":"https:\/\/cesinhasolucoes.com.br\/loja\/"},{"@type":"ListItem","position":2,"name":"Empresa"}]},{"@type":"WebSite","@id":"https:\/\/cesinhasolucoes.com.br\/loja\/#website","url":"https:\/\/cesinhasolucoes.com.br\/loja\/","name":"Cesinha Solu\u00e7\u00f5es","description":"Cesinha Solu\u00e7\u00f5es \u00e9 especializada na Venda de Acess\u00f3rios, Consertos de Vidros El\u00e9tricos, Airbag, ABS, Diagnostico Eletr\u00f4nico, Sensor de Estacionamento Original, Barulho Interno de Ve\u00edculos e El\u00e9trica","publisher":{"@id":"https:\/\/cesinhasolucoes.com.br\/loja\/#organization"},"potentialAction":[{"@type":"SearchAction","target":{"@type":"EntryPoint","urlTemplate":"https:\/\/cesinhasolucoes.com.br\/loja\/?s={search_term_string}"},"query-input":{"@type":"PropertyValueSpecification","valueRequired":true,"valueName":"search_term_string"}}],"inLanguage":"pt-BR"},{"@type":"Organization","@id":"https:\/\/cesinhasolucoes.com.br\/loja\/#organization","name":"Cesinha Solu\u00e7\u00f5es","url":"https:\/\/cesinhasolucoes.com.br\/loja\/","logo":{"@type":"ImageObject","inLanguage":"pt-BR","@id":"https:\/\/cesinhasolucoes.com.br\/loja\/#\/schema\/logo\/image\/","url":"https:\/\/cesinhasolucoes.com.br\/loja\/wp-content\/uploads\/2021\/07\/Identidade-Visual-Oficial-Cesinha-Soluc\u0327o\u0303es-1.png","contentUrl":"https:\/\/cesinhasolucoes.com.br\/loja\/wp-content\/uploads\/2021\/07\/Identidade-Visual-Oficial-Cesinha-Soluc\u0327o\u0303es-1.png","width":595,"height":317,"caption":"Cesinha Solu\u00e7\u00f5es"},"image":{"@id":"https:\/\/cesinhasolucoes.com.br\/loja\/#\/schema\/logo\/image\/"}}]}},"_links":{"self":[{"href":"https:\/\/cesinhasolucoes.com.br\/loja\/wp-json\/wp\/v2\/pages\/541","targetHints":{"allow":["GET"]}}],"collection":[{"href":"https:\/\/cesinhasolucoes.com.br\/loja\/wp-json\/wp\/v2\/pages"}],"about":[{"href":"https:\/\/cesinhasolucoes.com.br\/loja\/wp-json\/wp\/v2\/types\/page"}],"author":[{"embeddable":true,"href":"https:\/\/cesinhasolucoes.com.br\/loja\/wp-json\/wp\/v2\/users\/1"}],"replies":[{"embeddable":true,"href":"https:\/\/cesinhasolucoes.com.br\/loja\/wp-json\/wp\/v2\/comments?post=541"}],"version-history":[{"count":17,"href":"https:\/\/cesinhasolucoes.com.br\/loja\/wp-json\/wp\/v2\/pages\/541\/revisions"}],"predecessor-version":[{"id":859,"href":"https:\/\/cesinhasolucoes.com.br\/loja\/wp-json\/wp\/v2\/pages\/541\/revisions\/859"}],"wp:attachment":[{"href":"https:\/\/cesinhasolucoes.com.br\/loja\/wp-json\/wp\/v2\/media?parent=541"}],"curies":[{"name":"wp","href":"https:\/\/api.w.org\/{rel}","templated":true}]}}